{"id":304,"date":"2017-07-31T16:25:39","date_gmt":"2017-07-31T14:25:39","guid":{"rendered":"http:\/\/beatrice-aliamus-peinture.com\/?page_id=304"},"modified":"2025-07-25T11:26:45","modified_gmt":"2025-07-25T09:26:45","slug":"a-propos","status":"publish","type":"page","link":"https:\/\/www.beatrice-aliamus-peinture.com\/?page_id=304","title":{"rendered":"A PROPOS"},"content":{"rendered":"\n<div class=\"wp-block-media-text alignwide is-stacked-on-mobile is-vertically-aligned-top\" style=\"grid-template-columns:37% auto\"><figure class=\"wp-block-media-text__media\"><img loading=\"lazy\" decoding=\"async\" width=\"1024\" height=\"979\" src=\"https:\/\/www.beatrice-aliamus-peinture.com\/wp-content\/uploads\/2019\/10\/atelier-detail-1024x979.jpg\" alt=\"\" class=\"wp-image-954 size-full\" srcset=\"https:\/\/www.beatrice-aliamus-peinture.com\/wp-content\/uploads\/2019\/10\/atelier-detail-1024x979.jpg 1024w, https:\/\/www.beatrice-aliamus-peinture.com\/wp-content\/uploads\/2019\/10\/atelier-detail-150x143.jpg 150w, https:\/\/www.beatrice-aliamus-peinture.com\/wp-content\/uploads\/2019\/10\/atelier-detail-300x287.jpg 300w, https:\/\/www.beatrice-aliamus-peinture.com\/wp-content\/uploads\/2019\/10\/atelier-detail-768x734.jpg 768w, https:\/\/www.beatrice-aliamus-peinture.com\/wp-content\/uploads\/2019\/10\/atelier-detail.jpg 1873w\" sizes=\"(max-width: 1024px) 100vw, 1024px\" \/><\/figure><div class=\"wp-block-media-text__content\">\n<p>Soci\u00e9taire de la Fondation Taylor<\/p>\n\n\n\n<p>SIRET : 481 224 632 00010<\/p>\n\n\n\n<p>Membre de l&rsquo;Acad\u00e9mie des Arts et Sciences de la Mer  <a href=\"https:\/\/www.academie-arts-sciences-mer.fr\/FR\/\">https:\/\/www.academie-arts-sciences-mer.fr\/FR\/<\/a><\/p>\n\n\n\n<figure class=\"wp-block-image size-full is-resized\"><img loading=\"lazy\" decoding=\"async\" width=\"792\" height=\"309\" src=\"https:\/\/www.beatrice-aliamus-peinture.com\/wp-content\/uploads\/2023\/12\/AASMER-Logo-HD-bleu.jpg\" alt=\"\" class=\"wp-image-1749\" style=\"width:164px;height:auto\" srcset=\"https:\/\/www.beatrice-aliamus-peinture.com\/wp-content\/uploads\/2023\/12\/AASMER-Logo-HD-bleu.jpg 792w, https:\/\/www.beatrice-aliamus-peinture.com\/wp-content\/uploads\/2023\/12\/AASMER-Logo-HD-bleu-300x117.jpg 300w, https:\/\/www.beatrice-aliamus-peinture.com\/wp-content\/uploads\/2023\/12\/AASMER-Logo-HD-bleu-150x59.jpg 150w, https:\/\/www.beatrice-aliamus-peinture.com\/wp-content\/uploads\/2023\/12\/AASMER-Logo-HD-bleu-768x300.jpg 768w\" sizes=\"(max-width: 792px) 100vw, 792px\" \/><\/figure>\n<\/div><\/div>\n\n\n<p>Originaire du Nord de la France, elle a v\u00e9cu aux 4 coins du pays et \u00e0 l&rsquo;\u00e9tranger avant de s&rsquo;installer dans le Morbihan en 2005 et d&rsquo;y ouvrir son atelier d&rsquo;artiste.<br \/>Admirative depuis toujours de l&rsquo;oeuvre de Rembrandt et de C\u00e9zanne, elle s&rsquo;initie au m\u00e9tier de peintre dans divers ateliers.<br \/>A Bologne en Italie, elle fr\u00e9quente entre 2001 et 2004 l&rsquo;atelier de mod\u00e8le vivant de l&rsquo;Universit\u00e9 des Beaux-Arts.<br \/>La rencontre avec plusieurs peintres (Eric Bari, Alain Jamet, Jacques Rohaut, Robert Verluca,&#8230;) form\u00e9s \u00e0 l&rsquo;Ecole d&rsquo;Etampes, confirme sa volont\u00e9 de suivre la route ouverte par Philippe Lejeune.<br \/>Elle vit 7 mois par an \u00e0 Baden, peignant \u00e0 l&rsquo;huile, sur le motif ou \u00e0 l&rsquo;atelier. Le reste de l&rsquo;ann\u00e9e, cette artiste navigatrice sillonne la mer M\u00e9diterran\u00e9e \u00e0 la voile, peignant sur le vif (gouache et encres), ses ports, ses visages et ses rivages de l&rsquo;Italie \u00e0 la Turquie.<br \/>Passionn\u00e9e par l&rsquo;univers maritime, elle pose sur sa toile des vues de chantiers navals, de r\u00e9gate, de p\u00eacheurs : les m\u00e9tiers de la mer, les gens qui les font vivre&#8230;<br \/>En atelier, la nature morte et le portrait sont des sujets d&rsquo;une vari\u00e9t\u00e9 infinie. Aupr\u00e8s des peintres qu&rsquo;elle admire, elle apprend \u00e0 agencer sur la toile, lumi\u00e8re, couleur et formes, pour traduire ses \u00e9motions d&rsquo;une touche franche et architectur\u00e9e. Les mots de Maurice Denis prennent ainsi tout leur sens : \u00a0\u00bb La peinture, avant de repr\u00e9senter des objets, n&rsquo;est qu&rsquo;une surface plane recouverte de couleurs en un certain ordre assembl\u00e9es \u00ab\u00a0.<br \/>R\u00e9compens\u00e9e par le jury du 44e Salon de la Marine, elle obtient la possibilit\u00e9 d&#8217;embarquer sur les navires de la Marine, pour peindre in situ la vie des marins et leurs unit\u00e9s.<\/p>\n<p>En 2025, elle obtient une \u00ab\u00a0mention\u00a0\u00bb au Salon des Artistes Fran\u00e7ais pour sa toile \u00ab\u00a0Chantier naval en Thessalie\u00a0\u00bb<\/p>\n\n\n<p><\/p>\n","protected":false},"excerpt":{"rendered":"<p>Originaire du Nord de la France, elle a v\u00e9cu aux 4 coins du pays et \u00e0 l&rsquo;\u00e9tranger avant de s&rsquo;installer dans le Morbihan en 2005 et d&rsquo;y ouvrir son atelier d&rsquo;artiste.Admirative depuis toujours de l&rsquo;oeuvre de Rembrandt et de C\u00e9zanne, elle s&rsquo;initie au m\u00e9tier de peintre dans divers ateliers.A Bologne\u2026 <a class=\"continue-reading-link\" href=\"https:\/\/www.beatrice-aliamus-peinture.com\/?page_id=304\">Continue reading<\/a><\/p>\n","protected":false},"author":1,"featured_media":0,"parent":0,"menu_order":0,"comment_status":"closed","ping_status":"closed","template":"templates\/template-twocolumns-right.php","meta":{"footnotes":""},"_links":{"self":[{"href":"https:\/\/www.beatrice-aliamus-peinture.com\/index.php?rest_route=\/wp\/v2\/pages\/304"}],"collection":[{"href":"https:\/\/www.beatrice-aliamus-peinture.com\/index.php?rest_route=\/wp\/v2\/pages"}],"about":[{"href":"https:\/\/www.beatrice-aliamus-peinture.com\/index.php?rest_route=\/wp\/v2\/types\/page"}],"author":[{"embeddable":true,"href":"https:\/\/www.beatrice-aliamus-peinture.com\/index.php?rest_route=\/wp\/v2\/users\/1"}],"replies":[{"embeddable":true,"href":"https:\/\/www.beatrice-aliamus-peinture.com\/index.php?rest_route=%2Fwp%2Fv2%2Fcomments&post=304"}],"version-history":[{"count":10,"href":"https:\/\/www.beatrice-aliamus-peinture.com\/index.php?rest_route=\/wp\/v2\/pages\/304\/revisions"}],"predecessor-version":[{"id":2105,"href":"https:\/\/www.beatrice-aliamus-peinture.com\/index.php?rest_route=\/wp\/v2\/pages\/304\/revisions\/2105"}],"wp:attachment":[{"href":"https:\/\/www.beatrice-aliamus-peinture.com\/index.php?rest_route=%2Fwp%2Fv2%2Fmedia&parent=304"}],"curies":[{"name":"wp","href":"https:\/\/api.w.org\/{rel}","templated":true}]}}