{"id":120,"date":"2017-07-28T19:53:45","date_gmt":"2017-07-28T17:53:45","guid":{"rendered":"http:\/\/beatrice-aliamus-peinture.com\/?page_id=120"},"modified":"2025-07-25T11:23:31","modified_gmt":"2025-07-25T09:23:31","slug":"ma-page-daccueil","status":"publish","type":"page","link":"https:\/\/www.beatrice-aliamus-peinture.com\/","title":{"rendered":"Bienvenue !"},"content":{"rendered":"\n<figure class=\"wp-block-image size-large\"><img loading=\"lazy\" decoding=\"async\" width=\"1024\" height=\"1024\" src=\"https:\/\/www.beatrice-aliamus-peinture.com\/wp-content\/uploads\/2017\/08\/Et-le-ciel-sembrase-pour-Kirsten-80x80cm-HST2023-1-1024x1024.jpg\" alt=\"\" class=\"wp-image-1611\" srcset=\"https:\/\/www.beatrice-aliamus-peinture.com\/wp-content\/uploads\/2017\/08\/Et-le-ciel-sembrase-pour-Kirsten-80x80cm-HST2023-1-1024x1024.jpg 1024w, https:\/\/www.beatrice-aliamus-peinture.com\/wp-content\/uploads\/2017\/08\/Et-le-ciel-sembrase-pour-Kirsten-80x80cm-HST2023-1-300x300.jpg 300w, https:\/\/www.beatrice-aliamus-peinture.com\/wp-content\/uploads\/2017\/08\/Et-le-ciel-sembrase-pour-Kirsten-80x80cm-HST2023-1-150x150.jpg 150w, https:\/\/www.beatrice-aliamus-peinture.com\/wp-content\/uploads\/2017\/08\/Et-le-ciel-sembrase-pour-Kirsten-80x80cm-HST2023-1-768x769.jpg 768w, https:\/\/www.beatrice-aliamus-peinture.com\/wp-content\/uploads\/2017\/08\/Et-le-ciel-sembrase-pour-Kirsten-80x80cm-HST2023-1-1534x1536.jpg 1534w\" sizes=\"(max-width: 1024px) 100vw, 1024px\" \/><figcaption class=\"wp-element-caption\">Et le ciel s&#8217;embrase pour Kirsten &#8211; HST 80x80cm<\/figcaption><\/figure>\n\n\n\n<!--more-->\n\n\n\n<p><strong>PEINTRE FIGURATIVE<\/strong> voyageuse, bas\u00e9e en Bretagne.<\/p>\n\n\n\n<p>Huiles, gouaches, encres, peinture num\u00e9rique.<\/p>\n\n\n\n<p>Monde maritime, portraits, natures mortes, paysages et marines, &#8230;<\/p>\n\n\n\n<p><strong>SUR COMMANDE<\/strong> : (formulaire \u00ab\u00a0contact\u00a0\u00bb)<\/p>\n\n\n\n<ul>\n<li>huile sur toile ou gouache sur papier : portraits individuels, group\u00e9s, de maisons, bateaux, etc.<\/li>\n\n\n\n<li>impression de peintures num\u00e9riques sur papier d&rsquo;art haute qualit\u00e9. Plusieurs formats disponibles. Tirages num\u00e9rot\u00e9s et sign\u00e9s. Voir l&rsquo;onglet PORTFOLIO \/ peinture num\u00e9rique.<\/li>\n<\/ul>\n\n\n\n<p><strong>A VOIR EN PERMANENCE<\/strong> :<\/p>\n\n\n\n<ul>\n<li>Galerie Carnacadre, village de Port-en-Dro 56340 Carnac \u00a0 &#8211; \u00a0 \u00a0<a href=\"http:\/\/www.galerie-port-en-dro.com\/\">http:\/\/www.galerie-port-en-dro.com\/<\/a><\/li>\n<\/ul>\n\n\n\n<ul>\n<li>Galerie \u00d4 Large, 84 rue de Monceau 75008 Paris &#8211;\u00a0 \u00a0 \u00a0 \u00a0 \u00a0 \u00a0 \u00a0 \u00a0 \u00a0 \u00a0 \u00a0<a href=\"https:\/\/www.o-large.com\/\">https:\/\/www.o-large.com\/<\/a><\/li>\n\n\n\n<li>Galerie Carr\u00e9 d&rsquo;Artistes &#8211;  <a href=\"https:\/\/www.carredartistes.com\/fr-fr\/peintures-c-3.htm\">https:\/\/www.carredartistes.com\/fr-fr\/peintures-c-3.htm<\/a><\/li>\n\n\n\n<li>Ou sur rendez-vous \u00e0 l&rsquo;atelier (formulaire \u00ab\u00a0contact\u00a0\u00bb)<\/li>\n<\/ul>\n\n\n\n<p><\/p>\n\n\n\n<p><strong>L&rsquo;actu des expos<\/strong> : voir l&rsquo;onglet ACTU RECENTE<\/p>\n\n\n\n<p><\/p>\n","protected":false},"excerpt":{"rendered":"<p> <a class=\"continue-reading-link\" href=\"https:\/\/www.beatrice-aliamus-peinture.com\/\">Continue reading<\/a><\/p>\n","protected":false},"author":1,"featured_media":0,"parent":0,"menu_order":1,"comment_status":"closed","ping_status":"closed","template":"templates\/template-twocolumns-right.php","meta":{"footnotes":""},"_links":{"self":[{"href":"https:\/\/www.beatrice-aliamus-peinture.com\/index.php?rest_route=\/wp\/v2\/pages\/120"}],"collection":[{"href":"https:\/\/www.beatrice-aliamus-peinture.com\/index.php?rest_route=\/wp\/v2\/pages"}],"about":[{"href":"https:\/\/www.beatrice-aliamus-peinture.com\/index.php?rest_route=\/wp\/v2\/types\/page"}],"author":[{"embeddable":true,"href":"https:\/\/www.beatrice-aliamus-peinture.com\/index.php?rest_route=\/wp\/v2\/users\/1"}],"replies":[{"embeddable":true,"href":"https:\/\/www.beatrice-aliamus-peinture.com\/index.php?rest_route=%2Fwp%2Fv2%2Fcomments&post=120"}],"version-history":[{"count":36,"href":"https:\/\/www.beatrice-aliamus-peinture.com\/index.php?rest_route=\/wp\/v2\/pages\/120\/revisions"}],"predecessor-version":[{"id":2103,"href":"https:\/\/www.beatrice-aliamus-peinture.com\/index.php?rest_route=\/wp\/v2\/pages\/120\/revisions\/2103"}],"wp:attachment":[{"href":"https:\/\/www.beatrice-aliamus-peinture.com\/index.php?rest_route=%2Fwp%2Fv2%2Fmedia&parent=120"}],"curies":[{"name":"wp","href":"https:\/\/api.w.org\/{rel}","templated":true}]}}